{"id":245,"date":"2020-12-03T11:41:36","date_gmt":"2020-12-03T14:41:36","guid":{"rendered":"http:\/\/flytolive.com.br\/?page_id=245"},"modified":"2026-01-09T17:33:29","modified_gmt":"2026-01-09T20:33:29","slug":"flytolive","status":"publish","type":"page","link":"https:\/\/flytolive.com.br\/?page_id=245","title":{"rendered":"Flytolive"},"content":{"rendered":"<div id=\"pl-gb245-69f30199b11bf\"  class=\"panel-layout\" ><div id=\"pg-gb245-69f30199b11bf-0\"  class=\"panel-grid panel-has-style\" ><div class=\"siteorigin-panels-stretch panel-row-style panel-row-style-for-gb245-69f30199b11bf-0\" data-stretch-type=\"full-stretched\" ><div id=\"pgc-gb245-69f30199b11bf-0-0\"  class=\"panel-grid-cell panel-grid-cell-empty\" ><\/div><div id=\"pgc-gb245-69f30199b11bf-0-1\"  class=\"panel-grid-cell\" ><div id=\"panel-gb245-69f30199b11bf-0-1-0\" class=\"so-panel widget widget_media_image panel-first-child panel-last-child\" data-index=\"0\" ><figure style=\"width: 300px\" class=\"wp-caption alignnone\"><img width=\"300\" height=\"331\" src=\"https:\/\/flytolive.com.br\/wp-content\/uploads\/2020\/12\/4a6916fa-6262-4dfd-ab2c-ed6b47be13e0-e1607215036796-300x331.jpg\" class=\"image wp-image-323  attachment-300x331 size-300x331\" alt=\"\" loading=\"lazy\" style=\"max-width: 100%; height: auto;\" srcset=\"https:\/\/flytolive.com.br\/wp-content\/uploads\/2020\/12\/4a6916fa-6262-4dfd-ab2c-ed6b47be13e0-e1607215036796-300x331.jpg 300w, https:\/\/flytolive.com.br\/wp-content\/uploads\/2020\/12\/4a6916fa-6262-4dfd-ab2c-ed6b47be13e0-e1607215036796-272x300.jpg 272w, https:\/\/flytolive.com.br\/wp-content\/uploads\/2020\/12\/4a6916fa-6262-4dfd-ab2c-ed6b47be13e0-e1607215036796-100x110.jpg 100w, https:\/\/flytolive.com.br\/wp-content\/uploads\/2020\/12\/4a6916fa-6262-4dfd-ab2c-ed6b47be13e0-e1607215036796-150x165.jpg 150w, https:\/\/flytolive.com.br\/wp-content\/uploads\/2020\/12\/4a6916fa-6262-4dfd-ab2c-ed6b47be13e0-e1607215036796-200x220.jpg 200w\" sizes=\"(max-width: 300px) 100vw, 300px\" \/><figcaption class=\"wp-caption-text\">EDSON NUNES<\/figcaption><\/figure><\/div><\/div><div id=\"pgc-gb245-69f30199b11bf-0-2\"  class=\"panel-grid-cell\" ><div id=\"panel-gb245-69f30199b11bf-0-2-0\" class=\"so-panel widget widget_text panel-first-child panel-last-child\" data-index=\"1\" ><div class=\"panel-widget-style panel-widget-style-for-gb245-69f30199b11bf-0-2-0\" >\t\t\t<div class=\"textwidget\"><p>A FLYTOLIVE \u00e9 comandada por Edson Nunes que tem 35 anos de experi\u00eancia como piloto n\u00edvel V, adquiriu atrav\u00e9s de competi\u00e7\u00f5es no Brasil, bem como no exterior, e tamb\u00e9m se tornou instrutor de voo de asa delta a 12 anos, tendo realizado mais de 10 mil decolagens e pousos. Atualmente \u00e9 o presidente do CSCVL maior clube de v\u00f4o livre em opera\u00e7\u00e3o no mundo, vai te levar para uma aventura excitante, a de voar livre. Assim como a FLYTOLIVE ajuda pessoas a realizarem o sonho de voar, servi\u00e7os como <a style=\"color: inherit;\" href=\"https:\/\/hausarbeit-ghostwriter.com\/\">ghostwriter hausarbeit<\/a> apoiam estudantes na escrita de trabalhos acad\u00eamicos, garantindo qualidade e suporte profissional. A decolagem \u00e9 da rampa da Pedra Bonita, a 520 metros de altitude em rela\u00e7\u00e3o ao n\u00edvel do mar, situada em S\u00e3o Conrado, no Parque Nacional da Tijuca, podendo haver decolagens diariamente das 09:00 \u00e0s 17:00.\u00a0 O pouso ocorre nas areias da praia do Pepino, tamb\u00e9m em S\u00e3o Conrado. O tempo m\u00ednimo de voo \u00e9 de 8 minutos, e dependendo das condi\u00e7\u00f5es de vento favor\u00e1vel, \u00e9 poss\u00edvel voar ate um pouco mais de 30 minutos.<\/p>\n<p>Consulte os pre\u00e7os, fa\u00e7a um contato conosco pelos nossos canais de comunica\u00e7\u00e3o, dispon\u00edveis em contatos.<\/p>\n<p>PESOS RECOMENDADOS PARA ASA DELTA : ENTRE 45 E 85 KG<\/p>\n<p>PESOS RECOMENDADOS PARA PARAPENTE: ENTRE 45 E 100 KG<\/p>\n<p>&nbsp;<\/p>\n<p>Pacotes dispon\u00edveis :<\/p>\n<p>1- pacote sem camera inclusa(pacote imposto pelo clube desde 01\/12\/2025)<br \/>\n2- c\u00e2mera frontal e taxa<br \/>\n3- c\u00e2mera frontal, taxa, 1 camera lateral ou traseira extras e transfer<br \/>\n4- c\u00e2mera frontal, taxa, camera lateral e traseira extras + transfer<br \/>\n5- c\u00e2meras frontal,taxa do clube, todas as cameras extras + transfer + edi\u00e7\u00e3o de v\u00eddeo mix com musica de fundo.<\/p>\n<p>Aceitamos transfer\u00eancia pix cart\u00e3o de cr\u00e9dito e d\u00e9bito.<\/p>\n<p>Fornecemos transfer, consulte.<\/p>\n<\/div>\n\t\t<\/div><\/div><\/div><\/div><\/div><div id=\"pg-gb245-69f30199b11bf-1\"  class=\"panel-grid panel-has-style\" ><div class=\"siteorigin-panels-stretch panel-row-style panel-row-style-for-gb245-69f30199b11bf-1\" data-stretch-type=\"full\" ><div id=\"pgc-gb245-69f30199b11bf-1-0\"  class=\"panel-grid-cell\" ><div id=\"panel-gb245-69f30199b11bf-1-0-0\" class=\"so-panel widget widget_media_image panel-first-child panel-last-child\" data-index=\"2\" ><figure style=\"width: 640px\" class=\"wp-caption alignnone\"><img width=\"558\" height=\"419\" src=\"https:\/\/flytolive.com.br\/wp-content\/uploads\/2020\/12\/sao-conrado.jpg\" class=\"image wp-image-278  attachment-640x481 size-640x481\" alt=\"\" loading=\"lazy\" style=\"max-width: 100%; height: auto;\" srcset=\"https:\/\/flytolive.com.br\/wp-content\/uploads\/2020\/12\/sao-conrado.jpg 558w, https:\/\/flytolive.com.br\/wp-content\/uploads\/2020\/12\/sao-conrado-300x225.jpg 300w, https:\/\/flytolive.com.br\/wp-content\/uploads\/2020\/12\/sao-conrado-100x75.jpg 100w, https:\/\/flytolive.com.br\/wp-content\/uploads\/2020\/12\/sao-conrado-150x113.jpg 150w, https:\/\/flytolive.com.br\/wp-content\/uploads\/2020\/12\/sao-conrado-200x150.jpg 200w, https:\/\/flytolive.com.br\/wp-content\/uploads\/2020\/12\/sao-conrado-450x338.jpg 450w\" sizes=\"(max-width: 558px) 100vw, 558px\" \/><figcaption class=\"wp-caption-text\">Ao fundo Pedra da G\u00e1vea e Pedra Bonita<\/figcaption><\/figure><\/div><\/div><div id=\"pgc-gb245-69f30199b11bf-1-1\"  class=\"panel-grid-cell\" ><div id=\"panel-gb245-69f30199b11bf-1-1-0\" class=\"so-panel widget widget_media_image panel-first-child panel-last-child\" data-index=\"3\" ><figure style=\"width: 640px\" class=\"wp-caption alignnone\"><img width=\"640\" height=\"427\" src=\"https:\/\/flytolive.com.br\/wp-content\/uploads\/2020\/12\/saoconrado023-11163595-768x512.jpg\" class=\"image wp-image-273  attachment-640x427 size-640x427\" alt=\"\" loading=\"lazy\" style=\"max-width: 100%; height: auto;\" srcset=\"https:\/\/flytolive.com.br\/wp-content\/uploads\/2020\/12\/saoconrado023-11163595-768x512.jpg 768w, https:\/\/flytolive.com.br\/wp-content\/uploads\/2020\/12\/saoconrado023-11163595-300x200.jpg 300w, https:\/\/flytolive.com.br\/wp-content\/uploads\/2020\/12\/saoconrado023-11163595-1024x683.jpg 1024w, https:\/\/flytolive.com.br\/wp-content\/uploads\/2020\/12\/saoconrado023-11163595-1536x1024.jpg 1536w, https:\/\/flytolive.com.br\/wp-content\/uploads\/2020\/12\/saoconrado023-11163595-100x67.jpg 100w, https:\/\/flytolive.com.br\/wp-content\/uploads\/2020\/12\/saoconrado023-11163595-150x100.jpg 150w, https:\/\/flytolive.com.br\/wp-content\/uploads\/2020\/12\/saoconrado023-11163595-200x133.jpg 200w, https:\/\/flytolive.com.br\/wp-content\/uploads\/2020\/12\/saoconrado023-11163595-450x300.jpg 450w, https:\/\/flytolive.com.br\/wp-content\/uploads\/2020\/12\/saoconrado023-11163595-600x400.jpg 600w, https:\/\/flytolive.com.br\/wp-content\/uploads\/2020\/12\/saoconrado023-11163595-900x600.jpg 900w, https:\/\/flytolive.com.br\/wp-content\/uploads\/2020\/12\/saoconrado023-11163595-272x182.jpg 272w, https:\/\/flytolive.com.br\/wp-content\/uploads\/2020\/12\/saoconrado023-11163595.jpg 1920w\" sizes=\"(max-width: 640px) 100vw, 640px\" \/><figcaption class=\"wp-caption-text\">O local de pouso &#8211; praia do Pepino, S\u00e3o Conrado &#8211; RJ<\/figcaption><\/figure><\/div><\/div><div id=\"pgc-gb245-69f30199b11bf-1-2\"  class=\"panel-grid-cell\" ><div id=\"panel-gb245-69f30199b11bf-1-2-0\" class=\"so-panel widget widget_media_image panel-first-child panel-last-child\" data-index=\"4\" ><figure style=\"width: 640px\" class=\"wp-caption alignnone\"><img width=\"640\" height=\"360\" src=\"https:\/\/flytolive.com.br\/wp-content\/uploads\/2024\/02\/VID_20240212_110106_00_067_2024-02-20_10-54-20_screenshot-768x432.jpg\" class=\"image wp-image-1265  attachment-640x360 size-640x360\" alt=\"\" loading=\"lazy\" style=\"max-width: 100%; height: auto;\" srcset=\"https:\/\/flytolive.com.br\/wp-content\/uploads\/2024\/02\/VID_20240212_110106_00_067_2024-02-20_10-54-20_screenshot-768x432.jpg 768w, https:\/\/flytolive.com.br\/wp-content\/uploads\/2024\/02\/VID_20240212_110106_00_067_2024-02-20_10-54-20_screenshot-300x169.jpg 300w, https:\/\/flytolive.com.br\/wp-content\/uploads\/2024\/02\/VID_20240212_110106_00_067_2024-02-20_10-54-20_screenshot-1024x576.jpg 1024w, https:\/\/flytolive.com.br\/wp-content\/uploads\/2024\/02\/VID_20240212_110106_00_067_2024-02-20_10-54-20_screenshot-1536x864.jpg 1536w, https:\/\/flytolive.com.br\/wp-content\/uploads\/2024\/02\/VID_20240212_110106_00_067_2024-02-20_10-54-20_screenshot-1110x624.jpg 1110w, https:\/\/flytolive.com.br\/wp-content\/uploads\/2024\/02\/VID_20240212_110106_00_067_2024-02-20_10-54-20_screenshot-528x297.jpg 528w, https:\/\/flytolive.com.br\/wp-content\/uploads\/2024\/02\/VID_20240212_110106_00_067_2024-02-20_10-54-20_screenshot.jpg 1920w\" sizes=\"(max-width: 640px) 100vw, 640px\" \/><figcaption class=\"wp-caption-text\">Experi\u00eancia 360\u00ba &#8211; servi\u00e7o de filmagem opcional<\/figcaption><\/figure><\/div><\/div><\/div><\/div><div id=\"pg-gb245-69f30199b11bf-2\"  class=\"panel-grid panel-has-style\" ><div class=\"siteorigin-panels-stretch panel-row-style panel-row-style-for-gb245-69f30199b11bf-2\" data-stretch-type=\"full-stretched\" ><div id=\"pgc-gb245-69f30199b11bf-2-0\"  class=\"panel-grid-cell panel-grid-cell-empty\" ><\/div><div id=\"pgc-gb245-69f30199b11bf-2-1\"  class=\"panel-grid-cell\" ><div id=\"panel-gb245-69f30199b11bf-2-1-0\" class=\"so-panel widget widget_media_image panel-first-child panel-last-child\" data-index=\"5\" ><img width=\"300\" height=\"169\" src=\"https:\/\/flytolive.com.br\/wp-content\/uploads\/2023\/12\/VID_20231214_143220_00_043_2023-12-15_12-40-48_screenshot-300x169.jpg\" class=\"image wp-image-1183  attachment-medium size-medium\" alt=\"\" loading=\"lazy\" style=\"max-width: 100%; height: auto;\" srcset=\"https:\/\/flytolive.com.br\/wp-content\/uploads\/2023\/12\/VID_20231214_143220_00_043_2023-12-15_12-40-48_screenshot-300x169.jpg 300w, https:\/\/flytolive.com.br\/wp-content\/uploads\/2023\/12\/VID_20231214_143220_00_043_2023-12-15_12-40-48_screenshot-1024x576.jpg 1024w, https:\/\/flytolive.com.br\/wp-content\/uploads\/2023\/12\/VID_20231214_143220_00_043_2023-12-15_12-40-48_screenshot-768x432.jpg 768w, https:\/\/flytolive.com.br\/wp-content\/uploads\/2023\/12\/VID_20231214_143220_00_043_2023-12-15_12-40-48_screenshot-1536x864.jpg 1536w, https:\/\/flytolive.com.br\/wp-content\/uploads\/2023\/12\/VID_20231214_143220_00_043_2023-12-15_12-40-48_screenshot-1110x624.jpg 1110w, https:\/\/flytolive.com.br\/wp-content\/uploads\/2023\/12\/VID_20231214_143220_00_043_2023-12-15_12-40-48_screenshot-528x297.jpg 528w, https:\/\/flytolive.com.br\/wp-content\/uploads\/2023\/12\/VID_20231214_143220_00_043_2023-12-15_12-40-48_screenshot.jpg 1920w\" sizes=\"(max-width: 300px) 100vw, 300px\" \/><\/div><\/div><div id=\"pgc-gb245-69f30199b11bf-2-2\"  class=\"panel-grid-cell panel-grid-cell-mobile-last\" ><div id=\"panel-gb245-69f30199b11bf-2-2-0\" class=\"so-panel widget widget_media_image panel-first-child panel-last-child\" data-index=\"6\" ><img width=\"300\" height=\"169\" src=\"https:\/\/flytolive.com.br\/wp-content\/uploads\/2023\/12\/G0029638-300x169.jpg\" class=\"image wp-image-1195  attachment-medium size-medium\" alt=\"\" loading=\"lazy\" style=\"max-width: 100%; height: auto;\" srcset=\"https:\/\/flytolive.com.br\/wp-content\/uploads\/2023\/12\/G0029638-300x169.jpg 300w, https:\/\/flytolive.com.br\/wp-content\/uploads\/2023\/12\/G0029638-1024x576.jpg 1024w, https:\/\/flytolive.com.br\/wp-content\/uploads\/2023\/12\/G0029638-768x432.jpg 768w, https:\/\/flytolive.com.br\/wp-content\/uploads\/2023\/12\/G0029638-1536x864.jpg 1536w, https:\/\/flytolive.com.br\/wp-content\/uploads\/2023\/12\/G0029638-2048x1152.jpg 2048w, https:\/\/flytolive.com.br\/wp-content\/uploads\/2023\/12\/G0029638-1110x624.jpg 1110w, https:\/\/flytolive.com.br\/wp-content\/uploads\/2023\/12\/G0029638-528x297.jpg 528w\" sizes=\"(max-width: 300px) 100vw, 300px\" \/><\/div><\/div><div id=\"pgc-gb245-69f30199b11bf-2-3\"  class=\"panel-grid-cell panel-grid-cell-empty\" ><\/div><\/div><\/div><div id=\"pg-gb245-69f30199b11bf-3\"  class=\"panel-grid panel-has-style\" ><div class=\"siteorigin-panels-stretch panel-row-style panel-row-style-for-gb245-69f30199b11bf-3\" data-stretch-type=\"full-stretched\" ><div id=\"pgc-gb245-69f30199b11bf-3-0\"  class=\"panel-grid-cell panel-grid-cell-empty\" ><\/div><div id=\"pgc-gb245-69f30199b11bf-3-1\"  class=\"panel-grid-cell panel-grid-cell-mobile-last\" ><style type=\"text\/css\" id=\"gmpMapStyles_1_15513\">\r\n\t#google_map_easy_1_15513 {\r\n        width: 500px;\r\n        height: 350px;\r\n\t\t\t\t\t\t    }\r\n\t#gmapControlsNum_1_15513 {\r\n\t\twidth:500px\t}\r\n\t.gmpMapDetailsContainer#gmpMapDetailsContainer_1_15513 {\r\n\t\theight:350px;\r\n\t}\r\n\t.gmp_MapPreview#google_map_easy_1_15513 {\r\n\t\t\/*position:absolute;*\/\r\n\t\twidth: 100%;\r\n\t}\r\n\t#mapConElem_1_15513{\r\n\t\twidth: 500px\t}\r\n    .gm-style .gm-style-iw-c{\r\n        padding: 12px!important;\r\n    }\r\n\t    <\/style>\r\n <div class=\"gmp_map_opts\" id=\"mapConElem_1_15513\" data-id=\"1\" data-view-id=\"1_15513\" > <div class=\"gmpMapDetailsContainer\" id=\"gmpMapDetailsContainer_1_15513\"> <i class=\"gmpKMLLayersPreloader fa fa-spinner fa-spin\" aria-hidden=\"true\" style=\"display: none;\"><\/i> <div class=\"gmp_MapPreview \" id=\"google_map_easy_1_15513\"><\/div> <\/div> <div class=\"gmpMapMarkerFilters\" id=\"gmpMapMarkerFilters_1_15513\"> <\/div> <div class=\"gmpMapProControlsCon\" id=\"gmpMapProControlsCon_1_15513\"> <\/div> <div class=\"gmpMapProDirectionsCon\" id=\"gmpMapProDirectionsCon_1_15513\" > <\/div> <div class=\"gmpMapProKmlFilterCon\" id=\"gmpMapProKmlFilterCon_1_15513\" > <\/div> <div class=\"gmpSocialSharingShell gmpSocialSharingShell_1_15513\"> <\/div> <div style=\"clear: both;\"><\/div> <\/div> <\/div><div id=\"pgc-gb245-69f30199b11bf-3-2\"  class=\"panel-grid-cell panel-grid-cell-empty\" ><\/div><\/div><\/div><div id=\"pg-gb245-69f30199b11bf-4\"  class=\"panel-grid panel-has-style\" ><div class=\"siteorigin-panels-stretch panel-row-style panel-row-style-for-gb245-69f30199b11bf-4\" data-stretch-type=\"full-stretched-padded\" ><div id=\"pgc-gb245-69f30199b11bf-4-0\"  class=\"panel-grid-cell\" ><div id=\"panel-gb245-69f30199b11bf-4-0-0\" class=\"so-panel widget widget_media_image panel-first-child panel-last-child\" data-index=\"8\" ><img width=\"1920\" height=\"1080\" src=\"https:\/\/flytolive.com.br\/wp-content\/uploads\/2023\/12\/VID_20231214_143220_00_043_2023-12-15_12-42-31_screenshot.jpg\" class=\"image wp-image-1181  attachment-full size-full\" alt=\"\" loading=\"lazy\" style=\"max-width: 100%; height: auto;\" srcset=\"https:\/\/flytolive.com.br\/wp-content\/uploads\/2023\/12\/VID_20231214_143220_00_043_2023-12-15_12-42-31_screenshot.jpg 1920w, https:\/\/flytolive.com.br\/wp-content\/uploads\/2023\/12\/VID_20231214_143220_00_043_2023-12-15_12-42-31_screenshot-300x169.jpg 300w, https:\/\/flytolive.com.br\/wp-content\/uploads\/2023\/12\/VID_20231214_143220_00_043_2023-12-15_12-42-31_screenshot-1024x576.jpg 1024w, https:\/\/flytolive.com.br\/wp-content\/uploads\/2023\/12\/VID_20231214_143220_00_043_2023-12-15_12-42-31_screenshot-768x432.jpg 768w, https:\/\/flytolive.com.br\/wp-content\/uploads\/2023\/12\/VID_20231214_143220_00_043_2023-12-15_12-42-31_screenshot-1536x864.jpg 1536w, https:\/\/flytolive.com.br\/wp-content\/uploads\/2023\/12\/VID_20231214_143220_00_043_2023-12-15_12-42-31_screenshot-1110x624.jpg 1110w, https:\/\/flytolive.com.br\/wp-content\/uploads\/2023\/12\/VID_20231214_143220_00_043_2023-12-15_12-42-31_screenshot-528x297.jpg 528w\" sizes=\"(max-width: 1920px) 100vw, 1920px\" \/><\/div><\/div><div id=\"pgc-gb245-69f30199b11bf-4-1\"  class=\"panel-grid-cell\" ><div id=\"panel-gb245-69f30199b11bf-4-1-0\" class=\"so-panel widget widget_media_image panel-first-child panel-last-child\" data-index=\"9\" ><img width=\"1920\" height=\"1080\" src=\"https:\/\/flytolive.com.br\/wp-content\/uploads\/2023\/12\/VID_20231214_143220_00_043_2023-12-15_12-40-48_screenshot.jpg\" class=\"image wp-image-1183  attachment-full size-full\" alt=\"\" loading=\"lazy\" style=\"max-width: 100%; height: auto;\" srcset=\"https:\/\/flytolive.com.br\/wp-content\/uploads\/2023\/12\/VID_20231214_143220_00_043_2023-12-15_12-40-48_screenshot.jpg 1920w, https:\/\/flytolive.com.br\/wp-content\/uploads\/2023\/12\/VID_20231214_143220_00_043_2023-12-15_12-40-48_screenshot-300x169.jpg 300w, https:\/\/flytolive.com.br\/wp-content\/uploads\/2023\/12\/VID_20231214_143220_00_043_2023-12-15_12-40-48_screenshot-1024x576.jpg 1024w, https:\/\/flytolive.com.br\/wp-content\/uploads\/2023\/12\/VID_20231214_143220_00_043_2023-12-15_12-40-48_screenshot-768x432.jpg 768w, https:\/\/flytolive.com.br\/wp-content\/uploads\/2023\/12\/VID_20231214_143220_00_043_2023-12-15_12-40-48_screenshot-1536x864.jpg 1536w, https:\/\/flytolive.com.br\/wp-content\/uploads\/2023\/12\/VID_20231214_143220_00_043_2023-12-15_12-40-48_screenshot-1110x624.jpg 1110w, https:\/\/flytolive.com.br\/wp-content\/uploads\/2023\/12\/VID_20231214_143220_00_043_2023-12-15_12-40-48_screenshot-528x297.jpg 528w\" sizes=\"(max-width: 1920px) 100vw, 1920px\" \/><\/div><\/div><div id=\"pgc-gb245-69f30199b11bf-4-2\"  class=\"panel-grid-cell\" ><div id=\"panel-gb245-69f30199b11bf-4-2-0\" class=\"so-panel widget widget_media_image panel-first-child panel-last-child\" data-index=\"10\" ><img width=\"1920\" height=\"1080\" src=\"https:\/\/flytolive.com.br\/wp-content\/uploads\/2023\/12\/VID_20231214_143220_00_043_2023-12-15_12-40-21_screenshot.jpg\" class=\"image wp-image-1185  attachment-full size-full\" alt=\"\" loading=\"lazy\" style=\"max-width: 100%; height: auto;\" srcset=\"https:\/\/flytolive.com.br\/wp-content\/uploads\/2023\/12\/VID_20231214_143220_00_043_2023-12-15_12-40-21_screenshot.jpg 1920w, https:\/\/flytolive.com.br\/wp-content\/uploads\/2023\/12\/VID_20231214_143220_00_043_2023-12-15_12-40-21_screenshot-300x169.jpg 300w, https:\/\/flytolive.com.br\/wp-content\/uploads\/2023\/12\/VID_20231214_143220_00_043_2023-12-15_12-40-21_screenshot-1024x576.jpg 1024w, https:\/\/flytolive.com.br\/wp-content\/uploads\/2023\/12\/VID_20231214_143220_00_043_2023-12-15_12-40-21_screenshot-768x432.jpg 768w, https:\/\/flytolive.com.br\/wp-content\/uploads\/2023\/12\/VID_20231214_143220_00_043_2023-12-15_12-40-21_screenshot-1536x864.jpg 1536w, https:\/\/flytolive.com.br\/wp-content\/uploads\/2023\/12\/VID_20231214_143220_00_043_2023-12-15_12-40-21_screenshot-1110x624.jpg 1110w, https:\/\/flytolive.com.br\/wp-content\/uploads\/2023\/12\/VID_20231214_143220_00_043_2023-12-15_12-40-21_screenshot-528x297.jpg 528w\" sizes=\"(max-width: 1920px) 100vw, 1920px\" \/><\/div><\/div><div id=\"pgc-gb245-69f30199b11bf-4-3\"  class=\"panel-grid-cell\" ><div id=\"panel-gb245-69f30199b11bf-4-3-0\" class=\"so-panel widget widget_text panel-first-child panel-last-child\" data-index=\"11\" ><div class=\"panel-widget-style panel-widget-style-for-gb245-69f30199b11bf-4-3-0\" >\t\t\t<div class=\"textwidget\"><div id=\"TA_cdswritereviewlgvi72\" class=\"TA_cdswritereviewlgvi\">\n<ul id=\"dPbFCySC\" class=\"TA_links 2mSWHiD2l8\">\n<li id=\"fSPI3LAhixoR\" class=\"t6mBZI5Cz\"><a href=\"https:\/\/www.tripadvisor.com.br\/\" target=\"_blank\" rel=\"noopener\"><img src=\"https:\/\/static.tacdn.com\/img2\/brand_refresh\/Tripadvisor_lockup_horizontal_secondary_registered.svg\" alt=\"TripAdvisor\" \/>50<\/a><\/li>\n<\/ul>\n<\/div>\n<p><script async src=\"https:\/\/www.jscache.com\/wejs?wtype=cdswritereviewlgvi&amp;uniq=72&amp;locationId=24067825&amp;lang=pt&amp;lang=pt&amp;display_version=2\" data-loadtrk onload=\"this.loadtrk=true\"><\/script><\/p>\n<\/div>\n\t\t<\/div><\/div><\/div><\/div><\/div><div id=\"pg-gb245-69f30199b11bf-5\"  class=\"panel-grid panel-has-style\" ><div class=\"siteorigin-panels-stretch panel-row-style panel-row-style-for-gb245-69f30199b11bf-5\" data-stretch-type=\"full-stretched\" ><div id=\"pgc-gb245-69f30199b11bf-5-0\"  class=\"panel-grid-cell\" ><div id=\"panel-gb245-69f30199b11bf-5-0-0\" class=\"so-panel widget widget_text panel-first-child panel-last-child\" data-index=\"12\" ><div class=\"panel-widget-style panel-widget-style-for-gb245-69f30199b11bf-5-0-0\" >\t\t\t<div class=\"textwidget\"><p><center><\/center><center><\/center><center>@flytoliveescoladevoo &#8211; Voe Com A Gente!<\/center><center><\/center><center><\/center><center><\/center><\/p>\n<\/div>\n\t\t<\/div><\/div><\/div><\/div><\/div><\/div>","protected":false},"excerpt":{"rendered":"<p>A FLYTOLIVE \u00e9 comandada por Edson Nunes que tem 35 anos de experi\u00eancia como piloto n\u00edvel V, adquiriu atrav\u00e9s de competi\u00e7\u00f5es no Brasil, bem como no exterior, e tamb\u00e9m se tornou instrutor de voo de asa delta a 12 anos, tendo realizado mais de 10 mil decolagens e pousos. Atualmente \u00e9 o presidente do CSCVL [&hellip;]<\/p>\n","protected":false},"author":1,"featured_media":0,"parent":0,"menu_order":0,"comment_status":"closed","ping_status":"closed","template":"","meta":[],"_links":{"self":[{"href":"https:\/\/flytolive.com.br\/index.php?rest_route=\/wp\/v2\/pages\/245"}],"collection":[{"href":"https:\/\/flytolive.com.br\/index.php?rest_route=\/wp\/v2\/pages"}],"about":[{"href":"https:\/\/flytolive.com.br\/index.php?rest_route=\/wp\/v2\/types\/page"}],"author":[{"embeddable":true,"href":"https:\/\/flytolive.com.br\/index.php?rest_route=\/wp\/v2\/users\/1"}],"replies":[{"embeddable":true,"href":"https:\/\/flytolive.com.br\/index.php?rest_route=%2Fwp%2Fv2%2Fcomments&post=245"}],"version-history":[{"count":178,"href":"https:\/\/flytolive.com.br\/index.php?rest_route=\/wp\/v2\/pages\/245\/revisions"}],"predecessor-version":[{"id":7030,"href":"https:\/\/flytolive.com.br\/index.php?rest_route=\/wp\/v2\/pages\/245\/revisions\/7030"}],"wp:attachment":[{"href":"https:\/\/flytolive.com.br\/index.php?rest_route=%2Fwp%2Fv2%2Fmedia&parent=245"}],"curies":[{"name":"wp","href":"https:\/\/api.w.org\/{rel}","templated":true}]}}