{"id":250,"date":"2020-12-03T11:43:31","date_gmt":"2020-12-03T14:43:31","guid":{"rendered":"http:\/\/flytolive.com.br\/?page_id=250"},"modified":"2024-02-26T15:22:26","modified_gmt":"2024-02-26T18:22:26","slug":"reservar","status":"publish","type":"page","link":"https:\/\/flytolive.com.br\/?page_id=250","title":{"rendered":"Reservar"},"content":{"rendered":"<div id=\"pl-gb250-69f313d813baa\"  class=\"panel-layout\" ><div id=\"pg-gb250-69f313d813baa-0\"  class=\"panel-grid panel-has-style\" ><div class=\"siteorigin-panels-stretch panel-row-style panel-row-style-for-gb250-69f313d813baa-0\" data-stretch-type=\"full-stretched\" ><div id=\"pgc-gb250-69f313d813baa-0-0\"  class=\"panel-grid-cell\" ><div id=\"panel-gb250-69f313d813baa-0-0-0\" class=\"so-panel widget widget_text panel-first-child panel-last-child\" data-index=\"0\" ><div class=\"panel-widget-style panel-widget-style-for-gb250-69f313d813baa-0-0-0\" >\t\t\t<div class=\"textwidget\"><p>Para fazer a reserva do seu voo de asa delta ou parapente, utilize o formul\u00e1rio abaixo:<\/p>\n<\/div>\n\t\t<\/div><\/div><\/div><\/div><\/div><div id=\"pg-gb250-69f313d813baa-1\"  class=\"panel-grid panel-has-style\" ><div class=\"siteorigin-panels-stretch panel-row-style panel-row-style-for-gb250-69f313d813baa-1\" data-stretch-type=\"full-stretched\" ><div id=\"pgc-gb250-69f313d813baa-1-0\"  class=\"panel-grid-cell\" ><div id=\"panel-gb250-69f313d813baa-1-0-0\" class=\"so-panel widget widget_wpforms-widget wpforms-widget panel-first-child panel-last-child\" data-index=\"1\" ><div class=\"panel-widget-style panel-widget-style-for-gb250-69f313d813baa-1-0-0\" ><div class=\"wpforms-container wpforms-container-full\" id=\"wpforms-319\"><form id=\"wpforms-form-319\" class=\"wpforms-validate wpforms-form\" data-formid=\"319\" method=\"post\" enctype=\"multipart\/form-data\" action=\"\/index.php?rest_route=%2Fwp%2Fv2%2Fpages%2F250\" data-token=\"c57d87c90c8994cb00e2c44678e4f537\"><noscript class=\"wpforms-error-noscript\">Ative o JavaScript no seu navegador para preencher este formul\u00e1rio.<\/noscript><div class=\"wpforms-field-container\"><div id=\"wpforms-319-field_1-container\" class=\"wpforms-field wpforms-field-text\" data-field-id=\"1\"><label class=\"wpforms-field-label\" for=\"wpforms-319-field_1\">NOME: <span class=\"wpforms-required-label\">*<\/span><\/label><input type=\"text\" id=\"wpforms-319-field_1\" class=\"wpforms-field-medium wpforms-field-required\" name=\"wpforms[fields][1]\" required><\/div><div id=\"wpforms-319-field_2-container\" class=\"wpforms-field wpforms-field-text\" data-field-id=\"2\"><label class=\"wpforms-field-label\" for=\"wpforms-319-field_2\">E-MAIL: <span class=\"wpforms-required-label\">*<\/span><\/label><input type=\"text\" id=\"wpforms-319-field_2\" class=\"wpforms-field-medium wpforms-field-required\" name=\"wpforms[fields][2]\" required><\/div><div id=\"wpforms-319-field_3-container\" class=\"wpforms-field wpforms-field-text\" data-field-id=\"3\"><label class=\"wpforms-field-label\" for=\"wpforms-319-field_3\">TELEFONE: <span class=\"wpforms-required-label\">*<\/span><\/label><input type=\"text\" id=\"wpforms-319-field_3\" class=\"wpforms-field-medium wpforms-field-required\" name=\"wpforms[fields][3]\" required><\/div><div id=\"wpforms-319-field_4-container\" class=\"wpforms-field wpforms-field-text\" data-field-id=\"4\"><label class=\"wpforms-field-label\" for=\"wpforms-319-field_4\">IDADE \/ ALTURA \/ PESO:<\/label><input type=\"text\" id=\"wpforms-319-field_4\" class=\"wpforms-field-medium\" name=\"wpforms[fields][4]\" ><\/div><div id=\"wpforms-319-field_5-container\" class=\"wpforms-field wpforms-field-text\" data-field-id=\"5\"><label class=\"wpforms-field-label\" for=\"wpforms-319-field_5\">HOTEL OU RESID\u00caNCIA (ENDERE\u00c7O, EM CASO DE SOLICITA\u00c7\u00c3O DE TRANSFER):<\/label><input type=\"text\" id=\"wpforms-319-field_5\" class=\"wpforms-field-medium\" name=\"wpforms[fields][5]\" ><\/div><div id=\"wpforms-319-field_6-container\" class=\"wpforms-field wpforms-field-text\" data-field-id=\"6\"><label class=\"wpforms-field-label\" for=\"wpforms-319-field_6\">DATA E HORA PRETENDIDA PARA O VOO:<\/label><input type=\"text\" id=\"wpforms-319-field_6\" class=\"wpforms-field-medium\" name=\"wpforms[fields][6]\" ><\/div><\/div><div class=\"wpforms-submit-container\" ><input type=\"hidden\" name=\"wpforms[id]\" value=\"319\"><input type=\"hidden\" name=\"wpforms[author]\" value=\"1\"><button type=\"submit\" name=\"wpforms[submit]\" class=\"wpforms-submit \" id=\"wpforms-submit-319\" value=\"wpforms-submit\" aria-live=\"assertive\" data-alt-text=\"Enviando...\" data-submit-text=\"Enviar\">Enviar<\/button><\/div><\/form><\/div>  <!-- .wpforms-container --><\/div><\/div><\/div><div id=\"pgc-gb250-69f313d813baa-1-1\"  class=\"panel-grid-cell\" ><div id=\"panel-gb250-69f313d813baa-1-1-0\" class=\"so-panel widget widget_media_image panel-first-child\" data-index=\"2\" ><img width=\"600\" height=\"338\" src=\"https:\/\/flytolive.com.br\/wp-content\/uploads\/2024\/02\/GOPR9697_000111-768x432.jpg\" class=\"image wp-image-1340  attachment-600x338 size-600x338\" alt=\"\" loading=\"lazy\" style=\"max-width: 100%; height: auto;\" srcset=\"https:\/\/flytolive.com.br\/wp-content\/uploads\/2024\/02\/GOPR9697_000111-768x432.jpg 768w, https:\/\/flytolive.com.br\/wp-content\/uploads\/2024\/02\/GOPR9697_000111-300x169.jpg 300w, https:\/\/flytolive.com.br\/wp-content\/uploads\/2024\/02\/GOPR9697_000111-1024x576.jpg 1024w, https:\/\/flytolive.com.br\/wp-content\/uploads\/2024\/02\/GOPR9697_000111-1536x864.jpg 1536w, https:\/\/flytolive.com.br\/wp-content\/uploads\/2024\/02\/GOPR9697_000111-1110x624.jpg 1110w, https:\/\/flytolive.com.br\/wp-content\/uploads\/2024\/02\/GOPR9697_000111-528x297.jpg 528w, https:\/\/flytolive.com.br\/wp-content\/uploads\/2024\/02\/GOPR9697_000111.jpg 1920w\" sizes=\"(max-width: 600px) 100vw, 600px\" \/><\/div><div id=\"panel-gb250-69f313d813baa-1-1-1\" class=\"so-panel widget widget_media_image panel-last-child\" data-index=\"3\" ><img width=\"600\" height=\"338\" src=\"https:\/\/flytolive.com.br\/wp-content\/uploads\/2023\/12\/G0029638-768x432.jpg\" class=\"image wp-image-1195  attachment-600x338 size-600x338\" alt=\"\" loading=\"lazy\" style=\"max-width: 100%; height: auto;\" srcset=\"https:\/\/flytolive.com.br\/wp-content\/uploads\/2023\/12\/G0029638-768x432.jpg 768w, https:\/\/flytolive.com.br\/wp-content\/uploads\/2023\/12\/G0029638-300x169.jpg 300w, https:\/\/flytolive.com.br\/wp-content\/uploads\/2023\/12\/G0029638-1024x576.jpg 1024w, https:\/\/flytolive.com.br\/wp-content\/uploads\/2023\/12\/G0029638-1536x864.jpg 1536w, https:\/\/flytolive.com.br\/wp-content\/uploads\/2023\/12\/G0029638-2048x1152.jpg 2048w, https:\/\/flytolive.com.br\/wp-content\/uploads\/2023\/12\/G0029638-1110x624.jpg 1110w, https:\/\/flytolive.com.br\/wp-content\/uploads\/2023\/12\/G0029638-528x297.jpg 528w\" sizes=\"(max-width: 600px) 100vw, 600px\" \/><\/div><\/div><\/div><\/div><div id=\"pg-gb250-69f313d813baa-2\"  class=\"panel-grid panel-has-style\" ><div class=\"siteorigin-panels-stretch panel-row-style panel-row-style-for-gb250-69f313d813baa-2\" data-stretch-type=\"full-stretched\" ><div id=\"pgc-gb250-69f313d813baa-2-0\"  class=\"panel-grid-cell\" ><div id=\"panel-gb250-69f313d813baa-2-0-0\" class=\"so-panel widget widget_text panel-first-child panel-last-child\" data-index=\"4\" ><div class=\"panel-widget-style panel-widget-style-for-gb250-69f313d813baa-2-0-0\" >\t\t\t<div class=\"textwidget\"><p><center>@flytoliveescoladevoo \u2013 Voe Com A Gente!<\/center><\/p>\n<\/div>\n\t\t<\/div><\/div><\/div><\/div><\/div><\/div>","protected":false},"excerpt":{"rendered":"<p>Para fazer a reserva do seu voo de asa delta ou parapente, utilize o formul\u00e1rio abaixo:<\/p>\n","protected":false},"author":1,"featured_media":0,"parent":0,"menu_order":0,"comment_status":"closed","ping_status":"closed","template":"","meta":[],"_links":{"self":[{"href":"https:\/\/flytolive.com.br\/index.php?rest_route=\/wp\/v2\/pages\/250"}],"collection":[{"href":"https:\/\/flytolive.com.br\/index.php?rest_route=\/wp\/v2\/pages"}],"about":[{"href":"https:\/\/flytolive.com.br\/index.php?rest_route=\/wp\/v2\/types\/page"}],"author":[{"embeddable":true,"href":"https:\/\/flytolive.com.br\/index.php?rest_route=\/wp\/v2\/users\/1"}],"replies":[{"embeddable":true,"href":"https:\/\/flytolive.com.br\/index.php?rest_route=%2Fwp%2Fv2%2Fcomments&post=250"}],"version-history":[{"count":29,"href":"https:\/\/flytolive.com.br\/index.php?rest_route=\/wp\/v2\/pages\/250\/revisions"}],"predecessor-version":[{"id":1342,"href":"https:\/\/flytolive.com.br\/index.php?rest_route=\/wp\/v2\/pages\/250\/revisions\/1342"}],"wp:attachment":[{"href":"https:\/\/flytolive.com.br\/index.php?rest_route=%2Fwp%2Fv2%2Fmedia&parent=250"}],"curies":[{"name":"wp","href":"https:\/\/api.w.org\/{rel}","templated":true}]}}