{"id":5,"date":"2020-11-28T21:48:44","date_gmt":"2020-11-29T00:48:44","guid":{"rendered":"http:\/\/flytolive.com.br\/?page_id=5"},"modified":"2026-03-25T10:51:17","modified_gmt":"2026-03-25T13:51:17","slug":"inicio","status":"publish","type":"page","link":"https:\/\/flytolive.com.br\/","title":{"rendered":"Home"},"content":{"rendered":"\n<div class=\"wp-container-69f47b8c5a2c0 wp-block-group\"><div class=\"wp-block-group__inner-container\"><div id=\"pl-gb5-69f47b8c5530a\"  class=\"panel-layout\" ><div id=\"pg-gb5-69f47b8c5530a-0\"  class=\"panel-grid panel-has-style\" ><div class=\"siteorigin-panels-stretch panel-row-style panel-row-style-for-gb5-69f47b8c5530a-0\" data-stretch-type=\"full-stretched\" ><div id=\"pgc-gb5-69f47b8c5530a-0-0\"  class=\"panel-grid-cell\" ><\/div><\/div><\/div><div id=\"pg-gb5-69f47b8c5530a-1\"  class=\"panel-grid panel-has-style\" ><div class=\"siteorigin-panels-stretch panel-row-style panel-row-style-for-gb5-69f47b8c5530a-1\" data-stretch-type=\"full-stretched\" ><div id=\"pgc-gb5-69f47b8c5530a-1-0\"  class=\"panel-grid-cell\" ><div id=\"panel-gb5-69f47b8c5530a-1-0-0\" class=\"so-panel widget widget_text panel-first-child panel-last-child\" data-index=\"1\" ><div class=\"panel-widget-style panel-widget-style-for-gb5-69f47b8c5530a-1-0-0\" >\t\t\t<div class=\"textwidget\"><p>Somos uma empresa ligada ao voo livre, na categoria<br \/>\nde voo de instru\u00e7\u00e3o, nas modalidades asa delta e parapente!<\/p>\n<p>Nosso point, sem d\u00favidas \u00e9 o melhor do mundo! Estamos localizados em S\u00e3o Conrado, no p\u00e9 das majestosas montanhas da Pedra da G\u00e1vea e Pedra Bonita, na cidade maravilhosa que \u00e9 o nosso Rio de Janeiro!<\/p>\n<p>ATEN\u00c7\u00c3O!<\/p>\n<p>PESOS RECOMENDADOS PARA ASA DELTA : ENTRE 45 E 85 KG<\/p>\n<p>PESOS RECOMENDADOS PARA PARAPENTE: ENTRE 45 E 100 KG<\/p>\n<\/div>\n\t\t<\/div><\/div><\/div><div id=\"pgc-gb5-69f47b8c5530a-1-1\"  class=\"panel-grid-cell\" ><div id=\"panel-gb5-69f47b8c5530a-1-1-0\" class=\"so-panel widget widget_media_video panel-first-child panel-last-child\" data-index=\"2\" ><div class=\"panel-widget-style panel-widget-style-for-gb5-69f47b8c5530a-1-1-0\" ><div style=\"width:100%;\" class=\"wp-video\"><!--[if lt IE 9]><script>document.createElement('video');<\/script><![endif]-->\n<video class=\"wp-video-shortcode\" id=\"video-5-1\" preload=\"metadata\" controls=\"controls\"><source type=\"video\/mp4\" src=\"https:\/\/flytolive.com.br\/wp-content\/uploads\/2023\/11\/ASA-DELTA-NA-PRAIA-DE-SAO-CONRADO-RIO-DE-JANEIRO-CINEMATIC-FP.mp4?_=1\" \/><source type=\"video\/mp4\" src=\"https:\/\/flytolive.com.br\/wp-content\/uploads\/2023\/11\/ASA-DELTA-NA-PRAIA-DE-SAO-CONRADO-RIO-DE-JANEIRO-CINEMATIC-FP.mp4?_=1\" \/><a href=\"https:\/\/flytolive.com.br\/wp-content\/uploads\/2023\/11\/ASA-DELTA-NA-PRAIA-DE-SAO-CONRADO-RIO-DE-JANEIRO-CINEMATIC-FP.mp4\">https:\/\/flytolive.com.br\/wp-content\/uploads\/2023\/11\/ASA-DELTA-NA-PRAIA-DE-SAO-CONRADO-RIO-DE-JANEIRO-CINEMATIC-FP.mp4<\/a><\/video><\/div><\/div><\/div><\/div><div id=\"pgc-gb5-69f47b8c5530a-1-2\"  class=\"panel-grid-cell\" ><div id=\"panel-gb5-69f47b8c5530a-1-2-0\" class=\"so-panel widget widget_media_image panel-first-child panel-last-child\" data-index=\"3\" ><img width=\"600\" height=\"338\" src=\"https:\/\/flytolive.com.br\/wp-content\/uploads\/2024\/02\/bla-1_0_000006-768x432.jpg\" class=\"image wp-image-1310  attachment-600x338 size-600x338\" alt=\"\" loading=\"lazy\" style=\"max-width: 100%; height: auto;\" srcset=\"https:\/\/flytolive.com.br\/wp-content\/uploads\/2024\/02\/bla-1_0_000006-768x432.jpg 768w, https:\/\/flytolive.com.br\/wp-content\/uploads\/2024\/02\/bla-1_0_000006-300x169.jpg 300w, https:\/\/flytolive.com.br\/wp-content\/uploads\/2024\/02\/bla-1_0_000006-1024x576.jpg 1024w, https:\/\/flytolive.com.br\/wp-content\/uploads\/2024\/02\/bla-1_0_000006-1110x624.jpg 1110w, https:\/\/flytolive.com.br\/wp-content\/uploads\/2024\/02\/bla-1_0_000006-528x297.jpg 528w, https:\/\/flytolive.com.br\/wp-content\/uploads\/2024\/02\/bla-1_0_000006.jpg 1280w\" sizes=\"(max-width: 600px) 100vw, 600px\" \/><\/div><\/div><\/div><\/div><div id=\"pg-gb5-69f47b8c5530a-2\"  class=\"panel-grid panel-has-style\" ><div class=\"siteorigin-panels-stretch panel-row-style panel-row-style-for-gb5-69f47b8c5530a-2\" data-stretch-type=\"full-stretched\" ><div id=\"pgc-gb5-69f47b8c5530a-2-0\"  class=\"panel-grid-cell\" ><div id=\"panel-gb5-69f47b8c5530a-2-0-0\" class=\"so-panel widget widget_media_image panel-first-child panel-last-child\" data-index=\"4\" ><div class=\"panel-widget-style panel-widget-style-for-gb5-69f47b8c5530a-2-0-0\" ><img width=\"800\" height=\"450\" src=\"https:\/\/flytolive.com.br\/wp-content\/uploads\/2024\/02\/VID_20240212_110106_00_067_2024-02-20_11-10-03_screenshot-1024x576.jpg\" class=\"image wp-image-1248  attachment-800x450 size-800x450\" alt=\"\" loading=\"lazy\" style=\"max-width: 100%; height: auto;\" srcset=\"https:\/\/flytolive.com.br\/wp-content\/uploads\/2024\/02\/VID_20240212_110106_00_067_2024-02-20_11-10-03_screenshot-1024x576.jpg 1024w, https:\/\/flytolive.com.br\/wp-content\/uploads\/2024\/02\/VID_20240212_110106_00_067_2024-02-20_11-10-03_screenshot-300x169.jpg 300w, https:\/\/flytolive.com.br\/wp-content\/uploads\/2024\/02\/VID_20240212_110106_00_067_2024-02-20_11-10-03_screenshot-768x432.jpg 768w, https:\/\/flytolive.com.br\/wp-content\/uploads\/2024\/02\/VID_20240212_110106_00_067_2024-02-20_11-10-03_screenshot-1536x864.jpg 1536w, https:\/\/flytolive.com.br\/wp-content\/uploads\/2024\/02\/VID_20240212_110106_00_067_2024-02-20_11-10-03_screenshot-1110x624.jpg 1110w, https:\/\/flytolive.com.br\/wp-content\/uploads\/2024\/02\/VID_20240212_110106_00_067_2024-02-20_11-10-03_screenshot-528x297.jpg 528w, https:\/\/flytolive.com.br\/wp-content\/uploads\/2024\/02\/VID_20240212_110106_00_067_2024-02-20_11-10-03_screenshot.jpg 1920w\" sizes=\"(max-width: 800px) 100vw, 800px\" \/><\/div><\/div><\/div><div id=\"pgc-gb5-69f47b8c5530a-2-1\"  class=\"panel-grid-cell panel-grid-cell-mobile-last\" ><div id=\"panel-gb5-69f47b8c5530a-2-1-0\" class=\"so-panel widget widget_text panel-first-child panel-last-child\" data-index=\"5\" ><div class=\"panel-widget-style panel-widget-style-for-gb5-69f47b8c5530a-2-1-0\" ><h3 class=\"widget-title\">Temos novidades por aqui!<\/h3>\t\t\t<div class=\"textwidget\"><p>Agora tamb\u00e9m estamos fazendo:<\/p>\n<p>Passeios e Trilhasnas<\/p>\n<p>Favela Tour<\/p>\n<p>Trilhas naturais tais como, Tel\u00e9grafo, Horto, Pedra Bonita, consulte-nos<\/p>\n<\/div>\n\t\t<\/div><\/div><\/div><div id=\"pgc-gb5-69f47b8c5530a-2-2\"  class=\"panel-grid-cell panel-grid-cell-empty\" ><\/div><\/div><\/div><div id=\"pg-gb5-69f47b8c5530a-3\"  class=\"panel-grid panel-has-style\" ><div class=\"siteorigin-panels-stretch panel-row-style panel-row-style-for-gb5-69f47b8c5530a-3\" data-stretch-type=\"full-stretched\" ><div id=\"pgc-gb5-69f47b8c5530a-3-0\"  class=\"panel-grid-cell\" ><div id=\"panel-gb5-69f47b8c5530a-3-0-0\" class=\"so-panel widget widget_text panel-first-child panel-last-child\" data-index=\"6\" ><div class=\"panel-widget-style panel-widget-style-for-gb5-69f47b8c5530a-3-0-0\" >\t\t\t<div class=\"textwidget\"><p>Nosso ponto de encontro \u00e9 na sede do C.S.C.V.L. &#8211; Clube S\u00e3o Conrado de voo livre, onde temos total infraestrutura para recepcionar nossos alunos para o voo de instru\u00e7\u00e3o, e realiza\u00e7\u00e3o do sonho de voar!<\/p>\n<p>Nossos instrutores possuem mais de 20 anos de experi\u00eancia, n\u00edveis I e V!<\/p>\n<p>Para conhecer o nosso time, <a href=\"https:\/\/flytolive.com.br\/index.php\/flytolive\/\">clique aqui<\/a><\/p>\n<p>Se voc\u00ea j\u00e1 voou com a gente, confira a galeria de fotos, a sua pode estar l\u00e1!<\/p>\n<\/div>\n\t\t<\/div><\/div><\/div><div id=\"pgc-gb5-69f47b8c5530a-3-1\"  class=\"panel-grid-cell\" ><div id=\"panel-gb5-69f47b8c5530a-3-1-0\" class=\"so-panel widget widget_media_image panel-first-child panel-last-child\" data-index=\"7\" ><img width=\"500\" height=\"281\" src=\"https:\/\/flytolive.com.br\/wp-content\/uploads\/2021\/10\/sede-cscvl.jpg\" class=\"image wp-image-450  attachment-500x281 size-500x281\" alt=\"\" loading=\"lazy\" style=\"max-width: 100%; height: auto;\" srcset=\"https:\/\/flytolive.com.br\/wp-content\/uploads\/2021\/10\/sede-cscvl.jpg 500w, https:\/\/flytolive.com.br\/wp-content\/uploads\/2021\/10\/sede-cscvl-300x169.jpg 300w\" sizes=\"(max-width: 500px) 100vw, 500px\" \/><\/div><\/div><\/div><\/div><div id=\"pg-gb5-69f47b8c5530a-4\"  class=\"panel-grid panel-has-style\" ><div class=\"siteorigin-panels-stretch panel-row-style panel-row-style-for-gb5-69f47b8c5530a-4\" data-stretch-type=\"full-stretched\" ><div id=\"pgc-gb5-69f47b8c5530a-4-0\"  class=\"panel-grid-cell\" ><div id=\"panel-gb5-69f47b8c5530a-4-0-0\" class=\"so-panel widget widget_media_image panel-first-child panel-last-child\" data-index=\"8\" ><img width=\"516\" height=\"290\" src=\"https:\/\/flytolive.com.br\/wp-content\/uploads\/2020\/12\/G0019270-1-600x338.jpg\" class=\"image wp-image-372  attachment-516x290 size-516x290\" alt=\"\" loading=\"lazy\" style=\"max-width: 100%; height: auto;\" srcset=\"https:\/\/flytolive.com.br\/wp-content\/uploads\/2020\/12\/G0019270-1-600x338.jpg 600w, https:\/\/flytolive.com.br\/wp-content\/uploads\/2020\/12\/G0019270-1-300x169.jpg 300w, https:\/\/flytolive.com.br\/wp-content\/uploads\/2020\/12\/G0019270-1-1024x576.jpg 1024w, https:\/\/flytolive.com.br\/wp-content\/uploads\/2020\/12\/G0019270-1-768x432.jpg 768w, https:\/\/flytolive.com.br\/wp-content\/uploads\/2020\/12\/G0019270-1-1536x864.jpg 1536w, https:\/\/flytolive.com.br\/wp-content\/uploads\/2020\/12\/G0019270-1-100x56.jpg 100w, https:\/\/flytolive.com.br\/wp-content\/uploads\/2020\/12\/G0019270-1-150x84.jpg 150w, https:\/\/flytolive.com.br\/wp-content\/uploads\/2020\/12\/G0019270-1-200x113.jpg 200w, https:\/\/flytolive.com.br\/wp-content\/uploads\/2020\/12\/G0019270-1-450x253.jpg 450w, https:\/\/flytolive.com.br\/wp-content\/uploads\/2020\/12\/G0019270-1-900x506.jpg 900w, https:\/\/flytolive.com.br\/wp-content\/uploads\/2020\/12\/G0019270-1.jpg 2000w\" sizes=\"(max-width: 516px) 100vw, 516px\" \/><\/div><\/div><div id=\"pgc-gb5-69f47b8c5530a-4-1\"  class=\"panel-grid-cell\" ><div id=\"panel-gb5-69f47b8c5530a-4-1-0\" class=\"so-panel widget widget_text panel-first-child panel-last-child\" data-index=\"9\" ><div class=\"panel-widget-style panel-widget-style-for-gb5-69f47b8c5530a-4-1-0\" >\t\t\t<div class=\"textwidget\"><p>O voo \u00e9 filmado e fotografado simultaneamente em qualidade HD, por c\u00e2meras GoPro, dispostas na parte dianteira, outra na lateral e uma terceira na quilha (cauda) da asa delta.<\/p>\n<p>J\u00e1 os voos de parapente utilizam uma c\u00e2mera GoPro, filmando e fotografando e uma outra em fortato 360\u00ba.<\/p>\n<\/div>\n\t\t<\/div><\/div><\/div><div id=\"pgc-gb5-69f47b8c5530a-4-2\"  class=\"panel-grid-cell\" ><div id=\"panel-gb5-69f47b8c5530a-4-2-0\" class=\"so-panel widget widget_media_image panel-first-child panel-last-child\" data-index=\"10\" ><img width=\"375\" height=\"281\" src=\"https:\/\/flytolive.com.br\/wp-content\/uploads\/2020\/12\/20130704_123924-450x338.jpg\" class=\"image wp-image-280  attachment-375x281 size-375x281\" alt=\"\" loading=\"lazy\" style=\"max-width: 100%; height: auto;\" srcset=\"https:\/\/flytolive.com.br\/wp-content\/uploads\/2020\/12\/20130704_123924-450x338.jpg 450w, https:\/\/flytolive.com.br\/wp-content\/uploads\/2020\/12\/20130704_123924-100x75.jpg 100w, https:\/\/flytolive.com.br\/wp-content\/uploads\/2020\/12\/20130704_123924-150x113.jpg 150w, https:\/\/flytolive.com.br\/wp-content\/uploads\/2020\/12\/20130704_123924-200x150.jpg 200w, https:\/\/flytolive.com.br\/wp-content\/uploads\/2020\/12\/20130704_123924-300x225.jpg 300w, https:\/\/flytolive.com.br\/wp-content\/uploads\/2020\/12\/20130704_123924-600x450.jpg 600w\" sizes=\"(max-width: 375px) 100vw, 375px\" \/><\/div><\/div><\/div><\/div><div id=\"pg-gb5-69f47b8c5530a-5\"  class=\"panel-grid panel-has-style\" ><div class=\"siteorigin-panels-stretch panel-row-style panel-row-style-for-gb5-69f47b8c5530a-5\" data-stretch-type=\"full-stretched\" ><div id=\"pgc-gb5-69f47b8c5530a-5-0\"  class=\"panel-grid-cell\" ><div id=\"panel-gb5-69f47b8c5530a-5-0-0\" class=\"so-panel widget widget_media_video panel-first-child panel-last-child\" data-index=\"11\" ><div style=\"width:100%;\" class=\"wp-video\"><video class=\"wp-video-shortcode\" id=\"video-5-2\" preload=\"metadata\" controls=\"controls\"><source type=\"video\/mp4\" src=\"https:\/\/flytolive.com.br\/wp-content\/uploads\/2023\/12\/fly-to-live-360-dez-2023-01_0.mp4?_=2\" \/><source type=\"video\/mp4\" src=\"https:\/\/flytolive.com.br\/wp-content\/uploads\/2023\/12\/fly-to-live-360-dez-2023-01_0.mp4?_=2\" \/><a href=\"https:\/\/flytolive.com.br\/wp-content\/uploads\/2023\/12\/fly-to-live-360-dez-2023-01_0.mp4\">https:\/\/flytolive.com.br\/wp-content\/uploads\/2023\/12\/fly-to-live-360-dez-2023-01_0.mp4<\/a><\/video><\/div><\/div><\/div><div id=\"pgc-gb5-69f47b8c5530a-5-1\"  class=\"panel-grid-cell\" ><div id=\"panel-gb5-69f47b8c5530a-5-1-0\" class=\"so-panel widget widget_media_video panel-first-child panel-last-child\" data-index=\"12\" ><div style=\"width:100%;\" class=\"wp-video\"><video class=\"wp-video-shortcode\" id=\"video-5-3\" preload=\"metadata\" controls=\"controls\"><source type=\"video\/mp4\" src=\"https:\/\/flytolive.com.br\/wp-content\/uploads\/2023\/11\/Video-do-WhatsApp-de-2023-11-25-as-18.09.39_52093f12.mp4?_=3\" \/><source type=\"video\/mp4\" src=\"https:\/\/flytolive.com.br\/wp-content\/uploads\/2023\/11\/Video-do-WhatsApp-de-2023-11-25-as-18.09.39_52093f12.mp4?_=3\" \/><a href=\"https:\/\/flytolive.com.br\/wp-content\/uploads\/2023\/11\/Video-do-WhatsApp-de-2023-11-25-as-18.09.39_52093f12.mp4\">https:\/\/flytolive.com.br\/wp-content\/uploads\/2023\/11\/Video-do-WhatsApp-de-2023-11-25-as-18.09.39_52093f12.mp4<\/a><\/video><\/div><\/div><\/div><div id=\"pgc-gb5-69f47b8c5530a-5-2\"  class=\"panel-grid-cell\" ><div id=\"panel-gb5-69f47b8c5530a-5-2-0\" class=\"so-panel widget widget_media_video panel-first-child panel-last-child\" data-index=\"13\" ><div style=\"width:100%;\" class=\"wp-video\"><video class=\"wp-video-shortcode\" id=\"video-5-4\" preload=\"metadata\" controls=\"controls\"><source type=\"video\/mp4\" src=\"https:\/\/flytolive.com.br\/wp-content\/uploads\/2025\/06\/PROP-28-06-2025_0.mp4?_=4\" \/><source type=\"video\/mp4\" src=\"https:\/\/flytolive.com.br\/wp-content\/uploads\/2025\/06\/PROP-28-06-2025_0.mp4?_=4\" \/><a href=\"https:\/\/flytolive.com.br\/wp-content\/uploads\/2025\/06\/PROP-28-06-2025_0.mp4\">https:\/\/flytolive.com.br\/wp-content\/uploads\/2025\/06\/PROP-28-06-2025_0.mp4<\/a><\/video><\/div><\/div><\/div><\/div><\/div><div id=\"pg-gb5-69f47b8c5530a-6\"  class=\"panel-grid panel-has-style\" ><div class=\"siteorigin-panels-stretch panel-row-style panel-row-style-for-gb5-69f47b8c5530a-6\" data-stretch-type=\"full-stretched\" ><div id=\"pgc-gb5-69f47b8c5530a-6-0\"  class=\"panel-grid-cell\" ><div id=\"panel-gb5-69f47b8c5530a-6-0-0\" class=\"so-panel widget widget_text panel-first-child\" data-index=\"14\" ><div class=\"panel-widget-style panel-widget-style-for-gb5-69f47b8c5530a-6-0-0\" >\t\t\t<div class=\"textwidget\"><p>Conte-nos como foi seu voo!<\/p>\n<\/div>\n\t\t<\/div><\/div><div id=\"panel-gb5-69f47b8c5530a-6-0-1\" class=\"so-panel widget widget_text panel-last-child\" data-index=\"15\" ><div class=\"panel-widget-style panel-widget-style-for-gb5-69f47b8c5530a-6-0-1\" >\t\t\t<div class=\"textwidget\"><p>Acesse nossa <a href=\"https:\/\/flytolive.com.br\/index.php\/galeria\/\">galeria<\/a> e confira as fotos e v\u00eddeos!<\/p>\n<p>Reserve seu voo, <a href=\"https:\/\/flytolive.com.br\/index.php\/reservar\/\">clique aqui<\/a> e realize seu sonho de voar!<\/p>\n<p>VOE COM A GENTE!<\/p>\n<\/div>\n\t\t<\/div><\/div><\/div><div id=\"pgc-gb5-69f47b8c5530a-6-1\"  class=\"panel-grid-cell\" ><div id=\"panel-gb5-69f47b8c5530a-6-1-0\" class=\"so-panel widget widget_media_image panel-first-child panel-last-child\" data-index=\"16\" ><img width=\"450\" height=\"800\" src=\"https:\/\/flytolive.com.br\/wp-content\/uploads\/2021\/11\/IMG-20200126-WA0003-576x1024.jpeg\" class=\"image wp-image-670  attachment-450x800 size-450x800\" alt=\"\" loading=\"lazy\" style=\"max-width: 100%; height: auto;\" srcset=\"https:\/\/flytolive.com.br\/wp-content\/uploads\/2021\/11\/IMG-20200126-WA0003-576x1024.jpeg 576w, https:\/\/flytolive.com.br\/wp-content\/uploads\/2021\/11\/IMG-20200126-WA0003-169x300.jpeg 169w, https:\/\/flytolive.com.br\/wp-content\/uploads\/2021\/11\/IMG-20200126-WA0003-768x1365.jpeg 768w, https:\/\/flytolive.com.br\/wp-content\/uploads\/2021\/11\/IMG-20200126-WA0003-864x1536.jpeg 864w, https:\/\/flytolive.com.br\/wp-content\/uploads\/2021\/11\/IMG-20200126-WA0003-1152x2048.jpeg 1152w, https:\/\/flytolive.com.br\/wp-content\/uploads\/2021\/11\/IMG-20200126-WA0003-scaled.jpeg 1440w\" sizes=\"(max-width: 450px) 100vw, 450px\" \/><\/div><\/div><\/div><\/div><div id=\"pg-gb5-69f47b8c5530a-7\"  class=\"panel-grid panel-has-style\" ><div class=\"siteorigin-panels-stretch panel-row-style panel-row-style-for-gb5-69f47b8c5530a-7\" data-stretch-type=\"full-stretched\" ><div id=\"pgc-gb5-69f47b8c5530a-7-0\"  class=\"panel-grid-cell\" ><div id=\"panel-gb5-69f47b8c5530a-7-0-0\" class=\"so-panel widget widget_text panel-first-child panel-last-child\" data-index=\"17\" ><div class=\"panel-widget-style panel-widget-style-for-gb5-69f47b8c5530a-7-0-0\" >\t\t\t<div class=\"textwidget\"><p><center>@flytoliveescoladevoo &#8211; Voe Com A Gente!<\/center><\/p>\n<\/div>\n\t\t<\/div><\/div><\/div><\/div><\/div><div id=\"pg-gb5-69f47b8c5530a-8\"  class=\"panel-grid panel-has-style\" ><div class=\"siteorigin-panels-stretch panel-row-style panel-row-style-for-gb5-69f47b8c5530a-8\" data-stretch-type=\"full-stretched\" ><div id=\"pgc-gb5-69f47b8c5530a-8-0\"  class=\"panel-grid-cell panel-grid-cell-empty\" ><\/div><div id=\"pgc-gb5-69f47b8c5530a-8-1\"  class=\"panel-grid-cell panel-grid-cell-empty panel-grid-cell-mobile-last\" ><\/div><div id=\"pgc-gb5-69f47b8c5530a-8-2\"  class=\"panel-grid-cell panel-grid-cell-empty\" ><\/div><\/div><\/div><\/div><\/div><\/div>\n\n\n<div style=\"overflow: hidden; height: 1px;\">RTbet<\/div>","protected":false},"excerpt":{"rendered":"<p>RTbet<\/p>\n","protected":false},"author":1,"featured_media":0,"parent":0,"menu_order":0,"comment_status":"closed","ping_status":"closed","template":"","meta":[],"_links":{"self":[{"href":"https:\/\/flytolive.com.br\/index.php?rest_route=\/wp\/v2\/pages\/5"}],"collection":[{"href":"https:\/\/flytolive.com.br\/index.php?rest_route=\/wp\/v2\/pages"}],"about":[{"href":"https:\/\/flytolive.com.br\/index.php?rest_route=\/wp\/v2\/types\/page"}],"author":[{"embeddable":true,"href":"https:\/\/flytolive.com.br\/index.php?rest_route=\/wp\/v2\/users\/1"}],"replies":[{"embeddable":true,"href":"https:\/\/flytolive.com.br\/index.php?rest_route=%2Fwp%2Fv2%2Fcomments&post=5"}],"version-history":[{"count":255,"href":"https:\/\/flytolive.com.br\/index.php?rest_route=\/wp\/v2\/pages\/5\/revisions"}],"predecessor-version":[{"id":7034,"href":"https:\/\/flytolive.com.br\/index.php?rest_route=\/wp\/v2\/pages\/5\/revisions\/7034"}],"wp:attachment":[{"href":"https:\/\/flytolive.com.br\/index.php?rest_route=%2Fwp%2Fv2%2Fmedia&parent=5"}],"curies":[{"name":"wp","href":"https:\/\/api.w.org\/{rel}","templated":true}]}}